{"id":192,"date":"2026-04-27T22:45:03","date_gmt":"2026-04-27T20:45:03","guid":{"rendered":"https:\/\/visitmrzezyno.pl\/?page_id=192"},"modified":"2026-04-27T22:54:20","modified_gmt":"2026-04-27T20:54:20","slug":"visitownik-mrzezynski","status":"publish","type":"page","link":"https:\/\/visitmrzezyno.pl\/?page_id=192","title":{"rendered":"Visitownik Mrze\u017cy\u0144ski"},"content":{"rendered":"","protected":false},"excerpt":{"rendered":"","protected":false},"author":2,"featured_media":0,"parent":20,"menu_order":0,"comment_status":"closed","ping_status":"closed","template":"","meta":{"footnotes":""},"class_list":["post-192","page","type-page","status-publish","hentry"],"yoast_head":"<!-- This site is optimized with the Yoast SEO plugin v26.8 - https:\/\/yoast.com\/product\/yoast-seo-wordpress\/ -->\n<title>Visitownik Mrze\u017cy\u0144ski - Visit Mrze\u017cyno<\/title>\n<meta name=\"robots\" content=\"index, follow, max-snippet:-1, max-image-preview:large, max-video-preview:-1\" \/>\n<link rel=\"canonical\" href=\"https:\/\/visitmrzezyno.pl\/?page_id=192\" \/>\n<meta property=\"og:locale\" content=\"pl_PL\" \/>\n<meta property=\"og:type\" content=\"article\" \/>\n<meta property=\"og:title\" content=\"Visitownik Mrze\u017cy\u0144ski - Visit Mrze\u017cyno\" \/>\n<meta property=\"og:url\" content=\"https:\/\/visitmrzezyno.pl\/?page_id=192\" \/>\n<meta property=\"og:site_name\" content=\"Visit Mrze\u017cyno\" \/>\n<meta property=\"article:modified_time\" content=\"2026-04-27T20:54:20+00:00\" \/>\n<meta name=\"twitter:card\" content=\"summary_large_image\" \/>\n<script type=\"application\/ld+json\" class=\"yoast-schema-graph\">{\"@context\":\"https:\/\/schema.org\",\"@graph\":[{\"@type\":\"WebPage\",\"@id\":\"https:\/\/visitmrzezyno.pl\/?page_id=192\",\"url\":\"https:\/\/visitmrzezyno.pl\/?page_id=192\",\"name\":\"Visitownik Mrze\u017cy\u0144ski - Visit Mrze\u017cyno\",\"isPartOf\":{\"@id\":\"https:\/\/visitmrzezyno.pl\/#website\"},\"datePublished\":\"2026-04-27T20:45:03+00:00\",\"dateModified\":\"2026-04-27T20:54:20+00:00\",\"breadcrumb\":{\"@id\":\"https:\/\/visitmrzezyno.pl\/?page_id=192#breadcrumb\"},\"inLanguage\":\"pl-PL\",\"potentialAction\":[{\"@type\":\"ReadAction\",\"target\":[\"https:\/\/visitmrzezyno.pl\/?page_id=192\"]}]},{\"@type\":\"BreadcrumbList\",\"@id\":\"https:\/\/visitmrzezyno.pl\/?page_id=192#breadcrumb\",\"itemListElement\":[{\"@type\":\"ListItem\",\"position\":1,\"name\":\"Home\",\"item\":\"https:\/\/visitmrzezyno.pl\/\"},{\"@type\":\"ListItem\",\"position\":2,\"name\":\"Nasza Oferta\",\"item\":\"https:\/\/visitmrzezyno.pl\/?page_id=20\"},{\"@type\":\"ListItem\",\"position\":3,\"name\":\"Visitownik Mrze\u017cy\u0144ski\"}]},{\"@type\":\"WebSite\",\"@id\":\"https:\/\/visitmrzezyno.pl\/#website\",\"url\":\"https:\/\/visitmrzezyno.pl\/\",\"name\":\"Visit Mrze\u017cyno\",\"description\":\"#ZakotwiczWMrze\u017cynie\",\"publisher\":{\"@id\":\"https:\/\/visitmrzezyno.pl\/#organization\"},\"potentialAction\":[{\"@type\":\"SearchAction\",\"target\":{\"@type\":\"EntryPoint\",\"urlTemplate\":\"https:\/\/visitmrzezyno.pl\/?s={search_term_string}\"},\"query-input\":{\"@type\":\"PropertyValueSpecification\",\"valueRequired\":true,\"valueName\":\"search_term_string\"}}],\"inLanguage\":\"pl-PL\"},{\"@type\":\"Organization\",\"@id\":\"https:\/\/visitmrzezyno.pl\/#organization\",\"name\":\"Visit Mrze\u017cyno\",\"url\":\"https:\/\/visitmrzezyno.pl\/\",\"logo\":{\"@type\":\"ImageObject\",\"inLanguage\":\"pl-PL\",\"@id\":\"https:\/\/visitmrzezyno.pl\/#\/schema\/logo\/image\/\",\"url\":\"https:\/\/visitmrzezyno.pl\/wp-content\/uploads\/2026\/01\/cropped-VM_logo_kolor.png\",\"contentUrl\":\"https:\/\/visitmrzezyno.pl\/wp-content\/uploads\/2026\/01\/cropped-VM_logo_kolor.png\",\"width\":1350,\"height\":682,\"caption\":\"Visit Mrze\u017cyno\"},\"image\":{\"@id\":\"https:\/\/visitmrzezyno.pl\/#\/schema\/logo\/image\/\"}}]}<\/script>\n<!-- \/ Yoast SEO plugin. -->","yoast_head_json":{"title":"Visitownik Mrze\u017cy\u0144ski - Visit Mrze\u017cyno","robots":{"index":"index","follow":"follow","max-snippet":"max-snippet:-1","max-image-preview":"max-image-preview:large","max-video-preview":"max-video-preview:-1"},"canonical":"https:\/\/visitmrzezyno.pl\/?page_id=192","og_locale":"pl_PL","og_type":"article","og_title":"Visitownik Mrze\u017cy\u0144ski - Visit Mrze\u017cyno","og_url":"https:\/\/visitmrzezyno.pl\/?page_id=192","og_site_name":"Visit Mrze\u017cyno","article_modified_time":"2026-04-27T20:54:20+00:00","twitter_card":"summary_large_image","schema":{"@context":"https:\/\/schema.org","@graph":[{"@type":"WebPage","@id":"https:\/\/visitmrzezyno.pl\/?page_id=192","url":"https:\/\/visitmrzezyno.pl\/?page_id=192","name":"Visitownik Mrze\u017cy\u0144ski - Visit Mrze\u017cyno","isPartOf":{"@id":"https:\/\/visitmrzezyno.pl\/#website"},"datePublished":"2026-04-27T20:45:03+00:00","dateModified":"2026-04-27T20:54:20+00:00","breadcrumb":{"@id":"https:\/\/visitmrzezyno.pl\/?page_id=192#breadcrumb"},"inLanguage":"pl-PL","potentialAction":[{"@type":"ReadAction","target":["https:\/\/visitmrzezyno.pl\/?page_id=192"]}]},{"@type":"BreadcrumbList","@id":"https:\/\/visitmrzezyno.pl\/?page_id=192#breadcrumb","itemListElement":[{"@type":"ListItem","position":1,"name":"Home","item":"https:\/\/visitmrzezyno.pl\/"},{"@type":"ListItem","position":2,"name":"Nasza Oferta","item":"https:\/\/visitmrzezyno.pl\/?page_id=20"},{"@type":"ListItem","position":3,"name":"Visitownik Mrze\u017cy\u0144ski"}]},{"@type":"WebSite","@id":"https:\/\/visitmrzezyno.pl\/#website","url":"https:\/\/visitmrzezyno.pl\/","name":"Visit Mrze\u017cyno","description":"#ZakotwiczWMrze\u017cynie","publisher":{"@id":"https:\/\/visitmrzezyno.pl\/#organization"},"potentialAction":[{"@type":"SearchAction","target":{"@type":"EntryPoint","urlTemplate":"https:\/\/visitmrzezyno.pl\/?s={search_term_string}"},"query-input":{"@type":"PropertyValueSpecification","valueRequired":true,"valueName":"search_term_string"}}],"inLanguage":"pl-PL"},{"@type":"Organization","@id":"https:\/\/visitmrzezyno.pl\/#organization","name":"Visit Mrze\u017cyno","url":"https:\/\/visitmrzezyno.pl\/","logo":{"@type":"ImageObject","inLanguage":"pl-PL","@id":"https:\/\/visitmrzezyno.pl\/#\/schema\/logo\/image\/","url":"https:\/\/visitmrzezyno.pl\/wp-content\/uploads\/2026\/01\/cropped-VM_logo_kolor.png","contentUrl":"https:\/\/visitmrzezyno.pl\/wp-content\/uploads\/2026\/01\/cropped-VM_logo_kolor.png","width":1350,"height":682,"caption":"Visit Mrze\u017cyno"},"image":{"@id":"https:\/\/visitmrzezyno.pl\/#\/schema\/logo\/image\/"}}]}},"_links":{"self":[{"href":"https:\/\/visitmrzezyno.pl\/index.php?rest_route=\/wp\/v2\/pages\/192","targetHints":{"allow":["GET"]}}],"collection":[{"href":"https:\/\/visitmrzezyno.pl\/index.php?rest_route=\/wp\/v2\/pages"}],"about":[{"href":"https:\/\/visitmrzezyno.pl\/index.php?rest_route=\/wp\/v2\/types\/page"}],"author":[{"embeddable":true,"href":"https:\/\/visitmrzezyno.pl\/index.php?rest_route=\/wp\/v2\/users\/2"}],"replies":[{"embeddable":true,"href":"https:\/\/visitmrzezyno.pl\/index.php?rest_route=%2Fwp%2Fv2%2Fcomments&post=192"}],"version-history":[{"count":1,"href":"https:\/\/visitmrzezyno.pl\/index.php?rest_route=\/wp\/v2\/pages\/192\/revisions"}],"predecessor-version":[{"id":194,"href":"https:\/\/visitmrzezyno.pl\/index.php?rest_route=\/wp\/v2\/pages\/192\/revisions\/194"}],"up":[{"embeddable":true,"href":"https:\/\/visitmrzezyno.pl\/index.php?rest_route=\/wp\/v2\/pages\/20"}],"wp:attachment":[{"href":"https:\/\/visitmrzezyno.pl\/index.php?rest_route=%2Fwp%2Fv2%2Fmedia&parent=192"}],"curies":[{"name":"wp","href":"https:\/\/api.w.org\/{rel}","templated":true}]}}